{"id":17,"date":"2024-03-05T12:45:16","date_gmt":"2024-03-05T11:45:16","guid":{"rendered":"https:\/\/teklan.es\/canal-denuncias\/\/?page_id=17"},"modified":"2024-04-05T09:27:44","modified_gmt":"2024-04-05T07:27:44","slug":"canal-de-denuncia","status":"publish","type":"page","link":"https:\/\/teklan.es\/canal-denuncias\/","title":{"rendered":"Canal de denuncias"},"content":{"rendered":"<div  class='flex_column av-1xyzt-ec08832325aab84d28ae1b169b8a031b av_one_full  avia-builder-el-0  el_before_av_one_full  avia-builder-el-first  first flex_column_div  '     ><p>\n<style type=\"text\/css\" data-created_by=\"avia_inline_auto\" id=\"style-css-av-ltd4i2v0-287b126dfae9cafb570f98fec6d3757c\">\n#top .av_textblock_section.av-ltd4i2v0-287b126dfae9cafb570f98fec6d3757c .avia_textblock{\nfont-size:30px;\ncolor:#af0d1c;\n}\n<\/style>\n<section  id=\"teklan-titulo\"  class='av_textblock_section av-ltd4i2v0-287b126dfae9cafb570f98fec6d3757c '   itemscope=\"itemscope\" itemtype=\"https:\/\/schema.org\/CreativeWork\" ><div class='avia_textblock av_inherit_color'  itemprop=\"text\" ><p><span style=\"font-weight: 600;\">Bienvenido\/a al Canal de denuncias de Mecanizados Teklan<\/span><\/p>\n<\/div><\/section><br \/>\n\n<style type=\"text\/css\" data-created_by=\"avia_inline_auto\" id=\"style-css-av-ltd4jtm8-3e13d01c143e1ea6275ed2fc1c898f40\">\n#top .av_textblock_section.av-ltd4jtm8-3e13d01c143e1ea6275ed2fc1c898f40 .avia_textblock{\nfont-size:16px;\n}\n<\/style>\n<section  class='av_textblock_section av-ltd4jtm8-3e13d01c143e1ea6275ed2fc1c898f40 '   itemscope=\"itemscope\" itemtype=\"https:\/\/schema.org\/CreativeWork\" ><div class='avia_textblock'  itemprop=\"text\" ><p>Mecanizados Teklan pone este canal a disposici\u00f3n de trabajadores, clientes y\/o proveedores para denunciar de manera confidencial y sin temor a represalias, todo acto il\u00edcito, irregularidad y\/o incumplimiento normativo dentro del \u00e1mbito de control y actuaci\u00f3n de Mecanizados Teklan. Recuerde que tambi\u00e9n puede hacer llegar tanto su denuncia, como su consulta o sugerencia, a trav\u00e9s de correo postal (Ibaiondo Industrialdea, Parcela 1-2 20120 Hernani, Gipuzkoa), as\u00ed como al correo electr\u00f3nico <a href=\"mailto:canaldenuncias@teklan.es\">canaldenuncias@teklan.es<\/a>.<\/p>\n<p>Ponemos a su disposici\u00f3n pdfs descargables de las normativas que afectan a Mecanizados Teklan.<\/p>\n<\/div><\/section><br \/>\n\n<style type=\"text\/css\" data-created_by=\"avia_inline_auto\" id=\"style-css-av-ltd4mxzu-bb17f02b4cac0faa5272345e7624ec41\">\n#top .av_textblock_section.av-ltd4mxzu-bb17f02b4cac0faa5272345e7624ec41 .avia_textblock{\nfont-size:18px;\n}\n<\/style>\n<section  class='av_textblock_section av-ltd4mxzu-bb17f02b4cac0faa5272345e7624ec41 '   itemscope=\"itemscope\" itemtype=\"https:\/\/schema.org\/CreativeWork\" ><div class='avia_textblock'  itemprop=\"text\" ><p><a style=\"font-weight: 600;\" href=\"https:\/\/teklan.es\/canal-denuncias\/wp-content\/uploads\/2024\/04\/revision-salarial-GIpuzkoa.pdf\" target=\"_blank\" rel=\"noopener\">Revisi\u00f3n salarial (PDF)<\/a> \u2022 <a style=\"font-weight: 600;\" href=\"https:\/\/teklan.es\/canal-denuncias\/wp-content\/uploads\/2024\/04\/convenio-siderurgia-GIpuzkoa.pdf\" target=\"_blank\" rel=\"noopener\">Convenio siderurgia (PDF)<\/a><\/p>\n<\/div><\/section><\/p><\/div><div  class='flex_column av-1dnwd-fc897ac3992e5cdf9ddb43e07b595731 av_one_full  avia-builder-el-4  el_after_av_one_full  el_before_av_one_full  first flex_column_div  column-top-margin'     ><style type=\"text\/css\" data-created_by=\"avia_inline_auto\" id=\"style-css-av-ltd4qz05-9584870c9cec70f31ca24513613f08c2\">\n#top .togglecontainer.av-ltd4qz05-9584870c9cec70f31ca24513613f08c2 p.toggler{\nfont-size:16px;\ncolor:#707a77;\nbackground-color:#ffffff;\nborder-color:#9da8a5;\n}\n#top .togglecontainer.av-ltd4qz05-9584870c9cec70f31ca24513613f08c2 p.toggler.activeTitle{\ncolor:#e50046;\nborder-color:#e50046;\nbackground-color:#f3f3f3;\n}\n#top .togglecontainer.av-ltd4qz05-9584870c9cec70f31ca24513613f08c2 p.toggler:not(.activeTitle):hover{\ncolor:#e50046;\n}\n#top .togglecontainer.av-ltd4qz05-9584870c9cec70f31ca24513613f08c2 p.toggler:not(.activeTitle):hover .toggle_icon, #top .togglecontainer.av-ltd4qz05-9584870c9cec70f31ca24513613f08c2 p.toggler:not(.activeTitle):hover .toggle_icon *{\nborder-color:#e50046 !important;\n}\n#top .togglecontainer.av-ltd4qz05-9584870c9cec70f31ca24513613f08c2 p.toggler .toggle_icon{\ncolor:#707a77;\nborder-color:#707a77;\n}\n#top .togglecontainer.av-ltd4qz05-9584870c9cec70f31ca24513613f08c2 .toggle_wrap .toggle_content{\nfont-size:16px;\ncolor:#707a77;\nbackground-color:#ffffff;\nborder-color:#9da8a5;\n}\n<\/style>\n<div  class='togglecontainer av-ltd4qz05-9584870c9cec70f31ca24513613f08c2  avia-builder-el-5  avia-builder-el-no-sibling  toggle_close_all hasCurrentStyle' >\n<section class='av_toggle_section av-ltd4oblu-e3d26b4f960b49a10497c3fa36d8cd13'  itemscope=\"itemscope\" itemtype=\"https:\/\/schema.org\/CreativeWork\" ><div role=\"tablist\" class=\"single_toggle\" data-tags=\"{Todo} \"  ><p data-fake-id='#toggle-id-1' class='toggler   av-inherit-font-color hasCustomColor av-inherit-border-color'  itemprop=\"headline\"  role='tab' tabindex='0' aria-controls='toggle-id-1'>\u00bfQu\u00e9 se puede denunciar?<span class=\"toggle_icon\"><span class=\"vert_icon\"><\/span><span class=\"hor_icon\"><\/span><\/span><\/p><div id='toggle-id-1' class='toggle_wrap  '  ><div class='toggle_content invers-color av-inherit-font-color hasCustomColor av-inherit-border-color'  itemprop=\"text\" ><p><span style=\"font-weight: 400;\">El canal de denuncias permite poner en conocimiento incumplimientos de la legalidad vigente y el convenio colectivo de <\/span><span style=\"font-weight: 400;\">Mecanizados de Chapa TEKLAN<\/span><span style=\"font-weight: 400;\">, en ning\u00fan caso se puede utilizar para reclamaciones laborales y\/o peticiones individuales.<\/span><\/p>\n<p><span style=\"font-weight: 400;\">Tambi\u00e9n ofrecemos un formulario para consultas sobre temas relacionados al canal de denuncias as\u00ed como cualquier otro aspecto relacionado con el cumplimiento normativo en <\/span><span style=\"font-weight: 400;\">Mecanizados de Chapa TEKLAN<\/span><span style=\"font-weight: 400;\">.<\/span><\/p>\n<\/div><\/div><\/div><\/section>\n<section class='av_toggle_section av-ltd4ok53-782751f6c71a3fb7c1ff1b569616fc5b'  itemscope=\"itemscope\" itemtype=\"https:\/\/schema.org\/CreativeWork\" ><div role=\"tablist\" class=\"single_toggle\" data-tags=\"{Todo} \"  ><p data-fake-id='#toggle-id-2' class='toggler   av-inherit-font-color hasCustomColor av-inherit-border-color'  itemprop=\"headline\"  role='tab' tabindex='0' aria-controls='toggle-id-2'>Actuaci\u00f3n contra denuncias falsas<span class=\"toggle_icon\"><span class=\"vert_icon\"><\/span><span class=\"hor_icon\"><\/span><\/span><\/p><div id='toggle-id-2' class='toggle_wrap  '  ><div class='toggle_content invers-color av-inherit-font-color hasCustomColor av-inherit-border-color'  itemprop=\"text\" ><p><span style=\"font-weight: 400;\">Ante una denuncia falsa, la empresa debe tomar medidas cuidadosas para investigar de manera exhaustiva y justa. Se debe mantener la confidencialidad y proteger la reputaci\u00f3n de todas las partes involucradas durante el proceso. Las denuncias falsas o con el prop\u00f3sito de perjudicar a la persona denunciada y\/o a un tercero ser\u00e1n objeto de sanci\u00f3n disciplinaria, sin perjuicio de la eventual responsabilidad penal por la posible comisi\u00f3n de un delito de injurias o calumnias, o la responsabilidad civil por la lesi\u00f3n al derecho al honor.<\/span><\/p>\n<\/div><\/div><\/div><\/section>\n<section class='av_toggle_section av-ltd4or56-420b4e179c3e356be6cd42f312941552'  itemscope=\"itemscope\" itemtype=\"https:\/\/schema.org\/CreativeWork\" ><div role=\"tablist\" class=\"single_toggle\" data-tags=\"{Todo} \"  ><p data-fake-id='#toggle-id-3' class='toggler   av-inherit-font-color hasCustomColor av-inherit-border-color'  itemprop=\"headline\"  role='tab' tabindex='0' aria-controls='toggle-id-3'>Prohibici\u00f3n de represalias<span class=\"toggle_icon\"><span class=\"vert_icon\"><\/span><span class=\"hor_icon\"><\/span><\/span><\/p><div id='toggle-id-3' class='toggle_wrap  '  ><div class='toggle_content invers-color av-inherit-font-color hasCustomColor av-inherit-border-color'  itemprop=\"text\" ><p><span style=\"font-weight: 400;\">En <\/span><span style=\"font-weight: 400;\">Mecanizados de Chapa TEKLAN <\/span><span style=\"font-weight: 400;\">tenemos prohibido adoptar medidas con consecuencias negativas contra cualquier empleado\/a que haya interpuesto una denuncia. Esta protecci\u00f3n es fundamental para fomentar una cultura de transparencia y denuncia de conductas inapropiadas en el lugar de trabajo. En caso de que el empleado\/a entienda que est\u00e1 recibiendo represalias por denunciar irregularidades en <\/span><span style=\"font-weight: 400;\">Mecanizados de Chapa TEKLAN<\/span><span style=\"font-weight: 400;\">, igualmente debe hacer uso de nuestro canal de denuncias para ponerlo en conocimiento inmediato y as\u00ed poder adoptar las medidas correspondientes.<\/span><\/p>\n<\/div><\/div><\/div><\/section>\n<section class='av_toggle_section av-ltd4oypc-2ae616655348fd33e8d5f84d44b72ceb'  itemscope=\"itemscope\" itemtype=\"https:\/\/schema.org\/CreativeWork\" ><div role=\"tablist\" class=\"single_toggle\" data-tags=\"{Todo} \"  ><p data-fake-id='#toggle-id-4' class='toggler   av-inherit-font-color hasCustomColor av-inherit-border-color'  itemprop=\"headline\"  role='tab' tabindex='0' aria-controls='toggle-id-4'>\u00bfC\u00f3mo se gestionan las denuncias?<span class=\"toggle_icon\"><span class=\"vert_icon\"><\/span><span class=\"hor_icon\"><\/span><\/span><\/p><div id='toggle-id-4' class='toggle_wrap  '  ><div class='toggle_content invers-color av-inherit-font-color hasCustomColor av-inherit-border-color'  itemprop=\"text\" ><p><span style=\"font-weight: 400;\">Este protocolo de gesti\u00f3n de denuncias por correo electr\u00f3nico tiene como objetivo garantizar una respuesta eficiente, justa y transparente a todas las denuncias recibidas, promoviendo as\u00ed una cultura organizacional basada en la integridad y la responsabilidad.<\/span><\/p>\n<ol>\n<li><span style=\"font-weight: 400;\"> Todas las denuncias recibidas por teklan-canaldenuncias.es ser\u00e1n trasladadas al responsable del equipo de gesti\u00f3n de denuncias.<\/span><\/li>\n<li><span style=\"font-weight: 400;\"> El responsable del equipo de gesti\u00f3n de denuncias revisar\u00e1 la denuncia recibida para evaluar su gravedad e identificar cualquier informaci\u00f3n relevante que pueda requerir una acci\u00f3n inmediata. Se llevar\u00e1 a cabo una evaluaci\u00f3n preliminar para determinar la naturaleza de la denuncia y los pasos a seguir.<\/span><\/li>\n<li><span style=\"font-weight: 400;\"> La identidad del denunciante y cualquier informaci\u00f3n sensible relacionada con la denuncia se mantendr\u00e1n confidenciales en la medida de lo posible. Se implementar\u00e1n medidas para proteger al denunciante de posibles represalias y garantizar su seguridad dentro de la empresa.<\/span><\/li>\n<li><span style=\"font-weight: 400;\"> Se asignar\u00e1 un equipo de investigaci\u00f3n que recopilar\u00e1 evidencia relevante, entrevistar\u00e1 a testigos pertinentes y analizar\u00e1 la situaci\u00f3n para llevar a cabo una investigaci\u00f3n exhaustiva sobre la denuncia recibida y determinar su validez.<\/span><\/li>\n<li><span style=\"font-weight: 400;\"> Se mantendr\u00e1 una comunicaci\u00f3n abierta y transparente con el denunciante durante todo el proceso de investigaci\u00f3n. Se proporcionar\u00e1 un informe detallado al denunciante sobre los resultados de la investigaci\u00f3n y las medidas tomadas en respuesta a la denuncia. Se establecer\u00e1 un sistema de seguimiento para monitorear el progreso de las acciones correctivas y asegurar que se tomen las medidas adecuadas para abordar la denuncia.<\/span><\/li>\n<li><span style=\"font-weight: 400;\"> Se mantendr\u00e1 un registro detallado de todas las denuncias recibidas, las acciones tomadas en respuesta a cada denuncia y los resultados de las investigaciones. Todos los documentos relacionados con las denuncias ser\u00e1n archivados de manera segura y estar\u00e1n disponibles para futuras referencias y auditor\u00edas.<\/span><\/li>\n<\/ol>\n<\/div><\/div><\/div><\/section>\n<section class='av_toggle_section av-ltd4p69p-0f11a9515a804dd5a970eaf8bb15ff71'  itemscope=\"itemscope\" itemtype=\"https:\/\/schema.org\/CreativeWork\" ><div role=\"tablist\" class=\"single_toggle\" data-tags=\"{Todo} \"  ><p data-fake-id='#toggle-id-5' class='toggler   av-inherit-font-color hasCustomColor av-inherit-border-color'  itemprop=\"headline\"  role='tab' tabindex='0' aria-controls='toggle-id-5'>Confidencialidad y protecci\u00f3n de datos personales<span class=\"toggle_icon\"><span class=\"vert_icon\"><\/span><span class=\"hor_icon\"><\/span><\/span><\/p><div id='toggle-id-5' class='toggle_wrap  '  ><div class='toggle_content invers-color av-inherit-font-color hasCustomColor av-inherit-border-color'  itemprop=\"text\" ><p><span style=\"font-weight: 400;\">La informaci\u00f3n recibida a trav\u00e9s del canal de denuncia de <\/span><span style=\"font-weight: 400;\">Mecanizados de Chapa TEKLAN <\/span><span style=\"font-weight: 400;\">es completamente confidencial y se utilizar\u00e1 exclusivamente para investigar y aclarar dicha denuncia. De conformidad con la legislaci\u00f3n vigente y aplicable, se posibilita la denuncia an\u00f3nima, aunque recomendamos el mostrar la identidad del denunciante para agilizar el proceso.<\/span><\/p>\n<p><span style=\"font-weight: 400;\">Garantizamos la mayor seguridad y confidencialidad en el tratamiento de los datos personales y la informaci\u00f3n recibida y su uso exclusivo para tramitar la denuncia. Ante cualquier duda puede consultar nuestra <a href=\"#\">Pol\u00edtica de Privacidad<\/a><\/span><span style=\"font-weight: 400;\">.<\/span><\/p>\n<p><span style=\"font-weight: 400;\">Toda la informaci\u00f3n personal facilitada a lo largo de la tramitaci\u00f3n del expediente de denuncia ser\u00e1 eliminada en un periodo m\u00e1ximo de tres meses desde, salvo que sea necesaria su conservaci\u00f3n para acreditar el funcionamiento del Modelo de Prevenci\u00f3n de Delitos, por cumplimiento legal y\/o mandato de la autoridad competente, lo cual se har\u00e1 en un entorno distinto.<\/span><\/p>\n<\/div><\/div><\/div><\/section>\n<\/div><\/div><div  class='flex_column av-3vo9-462e5c00227dcd77dd7d5d1922d1b94c av_one_full  avia-builder-el-6  el_after_av_one_full  avia-builder-el-last  first flex_column_div  column-top-margin'     ><\/div><\/p>\n","protected":false},"excerpt":{"rendered":"","protected":false},"author":1,"featured_media":0,"parent":0,"menu_order":0,"comment_status":"closed","ping_status":"closed","template":"","meta":{"footnotes":""},"class_list":["post-17","page","type-page","status-publish","hentry"],"yoast_head":"<!-- This site is optimized with the Yoast SEO plugin v22.5 - https:\/\/yoast.com\/wordpress\/plugins\/seo\/ -->\n<title>Canal de denuncias - Teklan<\/title>\n<meta name=\"robots\" content=\"index, follow, max-snippet:-1, max-image-preview:large, max-video-preview:-1\" \/>\n<link rel=\"canonical\" href=\"https:\/\/teklan.es\/canal-denuncias\/\" \/>\n<meta property=\"og:locale\" content=\"es_ES\" \/>\n<meta property=\"og:type\" content=\"article\" \/>\n<meta property=\"og:title\" content=\"Canal de denuncias - Teklan\" \/>\n<meta property=\"og:url\" content=\"https:\/\/teklan.es\/canal-denuncias\/\" \/>\n<meta property=\"og:site_name\" content=\"Teklan\" \/>\n<meta property=\"article:modified_time\" content=\"2024-04-05T07:27:44+00:00\" \/>\n<meta name=\"twitter:card\" content=\"summary_large_image\" \/>\n<meta name=\"twitter:label1\" content=\"Tiempo de lectura\" \/>\n\t<meta name=\"twitter:data1\" content=\"14 minutos\" \/>\n<script type=\"application\/ld+json\" class=\"yoast-schema-graph\">{\"@context\":\"https:\/\/schema.org\",\"@graph\":[{\"@type\":\"WebPage\",\"@id\":\"https:\/\/teklan.es\/canal-denuncias\/\",\"url\":\"https:\/\/teklan.es\/canal-denuncias\/\",\"name\":\"Canal de denuncias - Teklan\",\"isPartOf\":{\"@id\":\"https:\/\/teklan.es\/canal-denuncias\/#website\"},\"datePublished\":\"2024-03-05T11:45:16+00:00\",\"dateModified\":\"2024-04-05T07:27:44+00:00\",\"breadcrumb\":{\"@id\":\"https:\/\/teklan.es\/canal-denuncias\/#breadcrumb\"},\"inLanguage\":\"es\",\"potentialAction\":[{\"@type\":\"ReadAction\",\"target\":[\"https:\/\/teklan.es\/canal-denuncias\/\"]}]},{\"@type\":\"BreadcrumbList\",\"@id\":\"https:\/\/teklan.es\/canal-denuncias\/#breadcrumb\",\"itemListElement\":[{\"@type\":\"ListItem\",\"position\":1,\"name\":\"Portada\",\"item\":\"https:\/\/teklan.es\/canal-denuncias\/\"},{\"@type\":\"ListItem\",\"position\":2,\"name\":\"Canal de denuncias\"}]},{\"@type\":\"WebSite\",\"@id\":\"https:\/\/teklan.es\/canal-denuncias\/#website\",\"url\":\"https:\/\/teklan.es\/canal-denuncias\/\",\"name\":\"Teklan\",\"description\":\"Canal de denuncias de Mecanizados Teklan\",\"potentialAction\":[{\"@type\":\"SearchAction\",\"target\":{\"@type\":\"EntryPoint\",\"urlTemplate\":\"https:\/\/teklan.es\/canal-denuncias\/?s={search_term_string}\"},\"query-input\":\"required name=search_term_string\"}],\"inLanguage\":\"es\"}]}<\/script>\n<!-- \/ Yoast SEO plugin. -->","yoast_head_json":{"title":"Canal de denuncias - Teklan","robots":{"index":"index","follow":"follow","max-snippet":"max-snippet:-1","max-image-preview":"max-image-preview:large","max-video-preview":"max-video-preview:-1"},"canonical":"https:\/\/teklan.es\/canal-denuncias\/","og_locale":"es_ES","og_type":"article","og_title":"Canal de denuncias - Teklan","og_url":"https:\/\/teklan.es\/canal-denuncias\/","og_site_name":"Teklan","article_modified_time":"2024-04-05T07:27:44+00:00","twitter_card":"summary_large_image","twitter_misc":{"Tiempo de lectura":"14 minutos"},"schema":{"@context":"https:\/\/schema.org","@graph":[{"@type":"WebPage","@id":"https:\/\/teklan.es\/canal-denuncias\/","url":"https:\/\/teklan.es\/canal-denuncias\/","name":"Canal de denuncias - Teklan","isPartOf":{"@id":"https:\/\/teklan.es\/canal-denuncias\/#website"},"datePublished":"2024-03-05T11:45:16+00:00","dateModified":"2024-04-05T07:27:44+00:00","breadcrumb":{"@id":"https:\/\/teklan.es\/canal-denuncias\/#breadcrumb"},"inLanguage":"es","potentialAction":[{"@type":"ReadAction","target":["https:\/\/teklan.es\/canal-denuncias\/"]}]},{"@type":"BreadcrumbList","@id":"https:\/\/teklan.es\/canal-denuncias\/#breadcrumb","itemListElement":[{"@type":"ListItem","position":1,"name":"Portada","item":"https:\/\/teklan.es\/canal-denuncias\/"},{"@type":"ListItem","position":2,"name":"Canal de denuncias"}]},{"@type":"WebSite","@id":"https:\/\/teklan.es\/canal-denuncias\/#website","url":"https:\/\/teklan.es\/canal-denuncias\/","name":"Teklan","description":"Canal de denuncias de Mecanizados Teklan","potentialAction":[{"@type":"SearchAction","target":{"@type":"EntryPoint","urlTemplate":"https:\/\/teklan.es\/canal-denuncias\/?s={search_term_string}"},"query-input":"required name=search_term_string"}],"inLanguage":"es"}]}},"_links":{"self":[{"href":"https:\/\/teklan.es\/canal-denuncias\/wp-json\/wp\/v2\/pages\/17","targetHints":{"allow":["GET"]}}],"collection":[{"href":"https:\/\/teklan.es\/canal-denuncias\/wp-json\/wp\/v2\/pages"}],"about":[{"href":"https:\/\/teklan.es\/canal-denuncias\/wp-json\/wp\/v2\/types\/page"}],"author":[{"embeddable":true,"href":"https:\/\/teklan.es\/canal-denuncias\/wp-json\/wp\/v2\/users\/1"}],"replies":[{"embeddable":true,"href":"https:\/\/teklan.es\/canal-denuncias\/wp-json\/wp\/v2\/comments?post=17"}],"version-history":[{"count":17,"href":"https:\/\/teklan.es\/canal-denuncias\/wp-json\/wp\/v2\/pages\/17\/revisions"}],"predecessor-version":[{"id":65,"href":"https:\/\/teklan.es\/canal-denuncias\/wp-json\/wp\/v2\/pages\/17\/revisions\/65"}],"wp:attachment":[{"href":"https:\/\/teklan.es\/canal-denuncias\/wp-json\/wp\/v2\/media?parent=17"}],"curies":[{"name":"wp","href":"https:\/\/api.w.org\/{rel}","templated":true}]}}