{"id":66,"date":"2024-04-05T09:51:28","date_gmt":"2024-04-05T07:51:28","guid":{"rendered":"https:\/\/teklan.es\/canal-denuncias\/?page_id=66"},"modified":"2024-04-05T09:51:29","modified_gmt":"2024-04-05T07:51:29","slug":"aviso-legal-y-politica-de-privacidad","status":"publish","type":"page","link":"https:\/\/teklan.es\/canal-denuncias\/aviso-legal-y-politica-de-privacidad\/","title":{"rendered":"Aviso Legal y Pol\u00edtica de Privacidad"},"content":{"rendered":"<div  class='flex_column av-av_one_full-692a56cb27b4036f41891925b87c1c70 av_one_full  avia-builder-el-0  avia-builder-el-no-sibling  first flex_column_div  '     ><section  class='av_textblock_section av-lumda63j-e9462784e428691bdd1876f93bc99c14 '   itemscope=\"itemscope\" itemtype=\"https:\/\/schema.org\/CreativeWork\" ><div class='avia_textblock'  itemprop=\"text\" ><p>En cumplimiento de la Ley 34\/2002, de 11 de julio, de Servicios de la Sociedad de la Informaci\u00f3n y de Comercio Electr\u00f3nico, le informamos que el titular de teklan.es es:<\/p>\n<ul>\n<li>Mecanizados de Chapa TEKLAN, S.L.<\/li>\n<li>Pol\u00edgono Ibaiondo, parcelas 1 y 2<br \/>\nHernani, Gipuzkoa. 20120 Espa\u00f1a<\/li>\n<li>CIF: B20581203<\/li>\n<li><a href=\"mailto:info@teklan.es\" target=\"_blank\" rel=\"noopener\">info@teklan.es<\/a><\/li>\n<li><a href=\"tel:34943694238\" target=\"_blank\" rel=\"noopener\">+34 943 69 42 38<\/a><\/li>\n<\/ul>\n<h2>Pol\u00edtica de privacidad de este sitio web<\/h2>\n<p>En esta web, propiedad de Mecanizados de Chapa TEKLAN, S.L., aseguramos la total protecci\u00f3n de los datos de car\u00e1cter personal proporcionados por nuestros usuarios cumpliendo con las obligaciones previstas en lo dispuesto en Reglamento UE 2016\/679, del Parlamento Europeo y del Consejo de 27 de abril de 2016. (RGPD) y la Ley Org\u00e1nica 3\/2018, de 5 de diciembre, de Protecci\u00f3n de Datos Personales y garant\u00eda de los derechos digitales. Mecanizados de Chapa TEKLAN, S.L., le informa que, mediante la aceptaci\u00f3n de esta Pol\u00edtica de Privacidad, presta su consentimiento informado, expreso, libre e inequ\u00edvoco para que los Datos que proporcionas, ser\u00e1n tratados por Mecanizados de Chapa TEKLAN, S.L., como responsable del tratamiento, y sobre los que se aplican las medidas de seguridad, t\u00e9cnicas y organizativas previstas en la normativa vigente.<\/p>\n<p>El objetivo de nuestra pol\u00edtica de privacidad es respetar al m\u00e1ximo la legislaci\u00f3n vigente de protecci\u00f3n de datos personales. Si usted tiene cualquier duda sobre la confidencialidad o el tratamiento que reciben sus datos puede ponerse en contacto con nosotros:<\/p>\n<ul>\n<li>Mecanizados de Chapa TEKLAN, S.L.<\/li>\n<li>Pol\u00edgono Ibaiondo, parcelas 1 y 2<\/li>\n<li>Hernani, Gipuzkoa.<\/li>\n<li>20120 Espa\u00f1a<\/li>\n<li>CIF: B20581203<\/li>\n<li><a href=\"mailto:info@teklan.es\">info@teklan.es<\/a><\/li>\n<li>tel. +34 943 69 42 38<\/li>\n<\/ul>\n<p>El responsable del cumplimiento de esta pol\u00edtica de privacidad es<\/p>\n<ul>\n<li>Jos\u00e9 Mar\u00eda Sanchez Rosa<\/li>\n<li>Pol\u00edgono Ibaiondo, parcelas 1 y 2<\/li>\n<li>Hernani, Gipuzkoa.<\/li>\n<li>20120 Espa\u00f1a<\/li>\n<li>CIF: B20581203<\/li>\n<li><a href=\"mailto:info@teklan.es\">info@teklan.es<\/a><\/li>\n<li>tel. +34 943 69 42 38<\/li>\n<\/ul>\n<p>Le informamos de que los datos personales facilitados a trav\u00e9s de los formularios de esta web o mediante mensajes de correo electr\u00f3nico, podr\u00e1n ser incorporados en un fichero de datos de car\u00e1cter personal cuya finalidad es la de gesti\u00f3n de las comunicaciones internas y externas.<\/p>\n<p>Mediante el env\u00edo de los formularios existentes en esta web, el remitente da su consentimiento para ser incluido en los mencionados ficheros. As\u00ed mismo, le comunicamos que desde esta web se podr\u00e1n recoger direcciones IP de los usuarios, las cu\u00e1les ser\u00e1n igualmente tratadas de acuerdo a la normativa vigente.<br \/>\nSus datos no ser\u00e1n cedidos a terceros sin su consentimiento.<\/p>\n<p>El env\u00edo de sus datos mediante nuestros formularios implica que est\u00e1 de acuerdo con nuestra pol\u00edtica de privacidad.<\/p>\n<p>Los datos recabados mediante los formularios de contacto de este sitio s\u00f3lo se utilizan para el fin solicitado y solo se env\u00edan informaciones relacionadas con la actividad o con la finalidad para la que fueron recabados. Estos datos no son incorporados a ning\u00fan fichero, ya que son eliminados una vez terminada la actividad para la que fueron recabados.<\/p>\n<p>Le garantizamos que nunca compartiremos sus datos con ninguna organizaci\u00f3n o empresa ajena. Los usuarios garantizan y responden, en cualquier caso, de la veracidad, exactitud, vigencia y autenticidad de los datos personales facilitados.<\/p>\n<p>En cualquier momento puede usted ejecutar sus derechos de oposici\u00f3n, acceso, rectificaci\u00f3n, cancelaci\u00f3n y oposici\u00f3n de su autorizaci\u00f3n sin efectos retroactivos dirigi\u00e9ndose por correo electr\u00f3nico a: info@teklan.es<\/p>\n<h3>Pol\u00edtica de cookies<\/h3>\n<p>Esta pol\u00edtica y la forma en que gestionamos las cookies, cumplen con obligaciones previstas en el apartado segundo del art\u00edculo 22 de la Ley 34\/2002, de 11 de julio, de servicios de la sociedad de la informaci\u00f3n y de comercio electr\u00f3nico (LSSI), el Reglamento (UE) 2016\/679 del Parlamento Europeo y del Consejo, de 27 de abril de 2016, General de Protecci\u00f3n de Datos (RGPD) y la Ley Org\u00e1nica 3\/2018, de 5 de diciembre, de Protecci\u00f3n de Datos y garant\u00eda de los derechos digitales (LOPDGDD).<\/p>\n<p>Cookie es un fichero que se descarga en su ordenador al acceder a determinadas p\u00e1ginas web. Las cookies permiten a una p\u00e1gina web, entre otras cosas, almacenar y recuperar informaci\u00f3n sobre los h\u00e1bitos de navegaci\u00f3n de un usuario o de su equipo y, dependiendo de la informaci\u00f3n que contengan y de la forma en que utilice su equipo, pueden utilizarse para reconocer al usuario.. El navegador del usuario memoriza cookies en el disco duro solamente durante la sesi\u00f3n actual ocupando un espacio de memoria m\u00ednimo y no perjudicando al ordenador. Las cookies no contienen ninguna clase de informaci\u00f3n personal espec\u00edfica, y la mayor\u00eda de las mismas se borran del disco duro al finalizar la sesi\u00f3n de navegador (las denominadas cookies de sesi\u00f3n).<\/p>\n<p>La mayor\u00eda de los navegadores aceptan como est\u00e1ndar a las cookies y, con independencia de las mismas, permiten o impiden en los ajustes de seguridad las cookies temporales o memorizadas.<\/p>\n<p>Sin su expreso consentimiento \u2013mediante la activaci\u00f3n de las cookies en su navegador\u2013 teklan.es no enlazar\u00e1 en las cookies los datos memorizados con sus datos personales proporcionados en el momento del registro o la compra..<\/p>\n<p>\u00bfQu\u00e9 tipos de cookies utiliza esta p\u00e1gina web?<\/p>\n<h4><strong>\u2013 Cookies t\u00e9cnicas<\/strong>:<\/h4>\n<p>Son aqu\u00e9llas que permiten al usuario la navegaci\u00f3n a trav\u00e9s de una p\u00e1gina web, plataforma o aplicaci\u00f3n y la utilizaci\u00f3n de las diferentes opciones o servicios que en ella existan como, por ejemplo, controlar el tr\u00e1fico y la comunicaci\u00f3n de datos, identificar la sesi\u00f3n, acceder a partes de acceso restringido, recordar los elementos que integran un pedido, realizar el proceso de compra de un pedido, realizar la solicitud de inscripci\u00f3n o participaci\u00f3n en un evento, utilizar elementos de seguridad durante la navegaci\u00f3n, almacenar contenidos para la difusi\u00f3n de videos o sonido o compartir contenidos a trav\u00e9s de redes sociales.<\/p>\n<p>moove-gdpr-popup: Esta cookie nos permite saber si usted ha decidido instalar o no las cookies de nuestro sitio en su ordenador. Host: https:\/\/teklan.es<br \/>\nwordpress_test_cookie: La finalidad de esta cookie es conocer si el navegador del usuario acepta cookies. Host: https:\/\/teklan.es<br \/>\nwp-settings- y wp-settings-time-: Se utilizan para personalizar para cada usuario la vista de la interfaz y del panel de administraci\u00f3n del sitio web. Host: https:\/\/teklan.es<br \/>\nPHPSESSID: usado por el lenguaje de encriptado PHP para permitir que las variables de SESI\u00d3N sean guardadas en el servidor web. Esta cookies es esencial para el funcionamiento de la web. Host: https:\/\/teklan.es<br \/>\nwordpress_logged_in_(ID_session): La finalidad de esta cookie es mantener la sesi\u00f3n del usuario abierta en el sistema. Host: https:\/\/teklan.es<br \/>\nEl siguiente grupo de cookies tienen como objetivo realizar un seguimiento en nuestros test a\/b, pruebas orientadas a detectar oportunidades de mejora en el sitio de teklan.es. El objetivo es mostrar dos versiones de la p\u00e1gina a diferentes usuarios y saber cu\u00e1l es la que mejor funciona. No almacenan ning\u00fan tipo de informaci\u00f3n personal.<\/p>\n<h4><strong>\u2013 Cookies de an\u00e1lisis<\/strong>:<\/h4>\n<p>Son aqu\u00e9llas que bien tratadas por nosotros o por terceros, nos permiten cuantificar el n\u00famero de usuarios y as\u00ed realizar la medici\u00f3n y an\u00e1lisis estad\u00edstico de la utilizaci\u00f3n que hacen los usuarios del servicio ofertado. Para ello se analiza su navegaci\u00f3n en nuestra p\u00e1gina web con el fin de mejorar la oferta de productos o servicios que le ofrecemos.<\/p>\n<p>Este sitio Web utiliza Google Analytics, un servicio anal\u00edtico de web prestado por Google, Inc. con domicilio en los Estados Unidos con sede central en 1600 Amphitheatre Parkway, Mountain View, California 94043. Para la prestaci\u00f3n de estos servicios, estos utilizan 4 cookies. Utilizamos la informaci\u00f3n para elaborar informes y ayudar a mejorar el sitio. Las cookies recopilan informaci\u00f3n de forma an\u00f3nima, incluyendo el n\u00famero de visitantes, de d\u00f3nde vienen y las p\u00e1ginas que han visitado en nuestra web en los t\u00e9rminos fijados en la Web Google.com. Conceptos sobre cookies de Google Analytics.<\/p>\n<p>Las cookies que se instalan son: _ga y _gat. Su Host es: http:\/\/google.com<br \/>\n\u00bfQui\u00e9n usa la informaci\u00f3n almacenada en las cookies?<br \/>\nLa informaci\u00f3n almacenada en las cookies de nuestro sitio web es usada exclusivamente por nosotros, a excepci\u00f3n de la de Google Analytics, que es usada y gestionada por Google y por nosotros con fines estad\u00edsticos.<\/p>\n<p>El Usuario acepta expresamente, por la utilizaci\u00f3n de este Site, el tratamiento de la informaci\u00f3n recabada en la forma y con los fines anteriormente mencionados. Y asimismo reconoce conocer la posibilidad de rechazar el tratamiento de tales datos o informaci\u00f3n rechazando el uso de Cookies mediante la selecci\u00f3n de la configuraci\u00f3n apropiada a tal fin en su navegador. Si bien esta opci\u00f3n de bloqueo de Cookies en su navegador puede no permitirle el uso pleno de todas las funcionalidades del Website.<\/p>\n<p>Puede usted permitir, bloquear o eliminar las cookies instaladas en su equipo mediante la configuraci\u00f3n de las opciones del navegador instalado en su ordenador:<\/p>\n<p><a title=\"Configuraci\u00f3n de la gesti\u00f3n de cookies en Chrome\" href=\"http:\/\/support.google.com\/chrome\/bin\/answer.py?hl=es&amp;answer=95647\" target=\"_blank\" rel=\"noopener noreferrer\">Chrome<\/a><br \/>\n<a href=\"https:\/\/privacy.microsoft.com\/es-es\/windows-10-microsoft-edge-and-privacy\" target=\"_blank\" rel=\"nofollow noopener noreferrer\">Microsoft Edge<\/a><br \/>\n<a title=\"Configuraci\u00f3n de la gesti\u00f3n de cookies en Firefox\" href=\"https:\/\/support.mozilla.org\/es\/kb\/habilitar-y-deshabilitar-cookies-sitios-web-rastrear-preferencias\" target=\"_blank\" rel=\"noopener noreferrer\">Firefox<\/a><br \/>\n<a title=\"Configuraci\u00f3n de la gesti\u00f3n de cookies en Safari\" href=\"https:\/\/support.apple.com\/es-es\/guide\/safari\/sfri11471\/mac\" target=\"_blank\" rel=\"noopener noreferrer\">Safari<\/a><\/p>\n<p>Si tiene dudas sobre esta pol\u00edtica de cookies, puede contactar con nosotros en:info@teklan.es<\/p>\n<h3>Revocar las cookies<\/h3>\n<p>Si s\u00ed lo desea puede modificar su decisi\u00f3n de aceptar las cookies de este sitio usando el bot\u00f3n a su izquierda que tiene un icono con un engranaje.<\/p>\n<\/div><\/section><\/div>\n","protected":false},"excerpt":{"rendered":"","protected":false},"author":2,"featured_media":0,"parent":0,"menu_order":0,"comment_status":"closed","ping_status":"closed","template":"","meta":{"footnotes":""},"class_list":["post-66","page","type-page","status-publish","hentry"],"yoast_head":"<!-- This site is optimized with the Yoast SEO plugin v22.5 - https:\/\/yoast.com\/wordpress\/plugins\/seo\/ -->\n<title>Aviso Legal y Pol\u00edtica de Privacidad - Teklan<\/title>\n<meta name=\"robots\" content=\"index, follow, max-snippet:-1, max-image-preview:large, max-video-preview:-1\" \/>\n<link rel=\"canonical\" href=\"https:\/\/teklan.es\/canal-denuncias\/aviso-legal-y-politica-de-privacidad\/\" \/>\n<meta property=\"og:locale\" content=\"es_ES\" \/>\n<meta property=\"og:type\" content=\"article\" \/>\n<meta property=\"og:title\" content=\"Aviso Legal y Pol\u00edtica de Privacidad - Teklan\" \/>\n<meta property=\"og:url\" content=\"https:\/\/teklan.es\/canal-denuncias\/aviso-legal-y-politica-de-privacidad\/\" \/>\n<meta property=\"og:site_name\" content=\"Teklan\" \/>\n<meta property=\"article:modified_time\" content=\"2024-04-05T07:51:29+00:00\" \/>\n<meta name=\"twitter:card\" content=\"summary_large_image\" \/>\n<meta name=\"twitter:label1\" content=\"Tiempo de lectura\" \/>\n\t<meta name=\"twitter:data1\" content=\"11 minutos\" \/>\n<script type=\"application\/ld+json\" class=\"yoast-schema-graph\">{\"@context\":\"https:\/\/schema.org\",\"@graph\":[{\"@type\":\"WebPage\",\"@id\":\"https:\/\/teklan.es\/canal-denuncias\/aviso-legal-y-politica-de-privacidad\/\",\"url\":\"https:\/\/teklan.es\/canal-denuncias\/aviso-legal-y-politica-de-privacidad\/\",\"name\":\"Aviso Legal y Pol\u00edtica de Privacidad - Teklan\",\"isPartOf\":{\"@id\":\"https:\/\/teklan.es\/canal-denuncias\/#website\"},\"datePublished\":\"2024-04-05T07:51:28+00:00\",\"dateModified\":\"2024-04-05T07:51:29+00:00\",\"breadcrumb\":{\"@id\":\"https:\/\/teklan.es\/canal-denuncias\/aviso-legal-y-politica-de-privacidad\/#breadcrumb\"},\"inLanguage\":\"es\",\"potentialAction\":[{\"@type\":\"ReadAction\",\"target\":[\"https:\/\/teklan.es\/canal-denuncias\/aviso-legal-y-politica-de-privacidad\/\"]}]},{\"@type\":\"BreadcrumbList\",\"@id\":\"https:\/\/teklan.es\/canal-denuncias\/aviso-legal-y-politica-de-privacidad\/#breadcrumb\",\"itemListElement\":[{\"@type\":\"ListItem\",\"position\":1,\"name\":\"Portada\",\"item\":\"https:\/\/teklan.es\/canal-denuncias\/\"},{\"@type\":\"ListItem\",\"position\":2,\"name\":\"Aviso Legal y Pol\u00edtica de Privacidad\"}]},{\"@type\":\"WebSite\",\"@id\":\"https:\/\/teklan.es\/canal-denuncias\/#website\",\"url\":\"https:\/\/teklan.es\/canal-denuncias\/\",\"name\":\"Teklan\",\"description\":\"Canal de denuncias de Mecanizados Teklan\",\"potentialAction\":[{\"@type\":\"SearchAction\",\"target\":{\"@type\":\"EntryPoint\",\"urlTemplate\":\"https:\/\/teklan.es\/canal-denuncias\/?s={search_term_string}\"},\"query-input\":\"required name=search_term_string\"}],\"inLanguage\":\"es\"}]}<\/script>\n<!-- \/ Yoast SEO plugin. -->","yoast_head_json":{"title":"Aviso Legal y Pol\u00edtica de Privacidad - Teklan","robots":{"index":"index","follow":"follow","max-snippet":"max-snippet:-1","max-image-preview":"max-image-preview:large","max-video-preview":"max-video-preview:-1"},"canonical":"https:\/\/teklan.es\/canal-denuncias\/aviso-legal-y-politica-de-privacidad\/","og_locale":"es_ES","og_type":"article","og_title":"Aviso Legal y Pol\u00edtica de Privacidad - Teklan","og_url":"https:\/\/teklan.es\/canal-denuncias\/aviso-legal-y-politica-de-privacidad\/","og_site_name":"Teklan","article_modified_time":"2024-04-05T07:51:29+00:00","twitter_card":"summary_large_image","twitter_misc":{"Tiempo de lectura":"11 minutos"},"schema":{"@context":"https:\/\/schema.org","@graph":[{"@type":"WebPage","@id":"https:\/\/teklan.es\/canal-denuncias\/aviso-legal-y-politica-de-privacidad\/","url":"https:\/\/teklan.es\/canal-denuncias\/aviso-legal-y-politica-de-privacidad\/","name":"Aviso Legal y Pol\u00edtica de Privacidad - Teklan","isPartOf":{"@id":"https:\/\/teklan.es\/canal-denuncias\/#website"},"datePublished":"2024-04-05T07:51:28+00:00","dateModified":"2024-04-05T07:51:29+00:00","breadcrumb":{"@id":"https:\/\/teklan.es\/canal-denuncias\/aviso-legal-y-politica-de-privacidad\/#breadcrumb"},"inLanguage":"es","potentialAction":[{"@type":"ReadAction","target":["https:\/\/teklan.es\/canal-denuncias\/aviso-legal-y-politica-de-privacidad\/"]}]},{"@type":"BreadcrumbList","@id":"https:\/\/teklan.es\/canal-denuncias\/aviso-legal-y-politica-de-privacidad\/#breadcrumb","itemListElement":[{"@type":"ListItem","position":1,"name":"Portada","item":"https:\/\/teklan.es\/canal-denuncias\/"},{"@type":"ListItem","position":2,"name":"Aviso Legal y Pol\u00edtica de Privacidad"}]},{"@type":"WebSite","@id":"https:\/\/teklan.es\/canal-denuncias\/#website","url":"https:\/\/teklan.es\/canal-denuncias\/","name":"Teklan","description":"Canal de denuncias de Mecanizados Teklan","potentialAction":[{"@type":"SearchAction","target":{"@type":"EntryPoint","urlTemplate":"https:\/\/teklan.es\/canal-denuncias\/?s={search_term_string}"},"query-input":"required name=search_term_string"}],"inLanguage":"es"}]}},"_links":{"self":[{"href":"https:\/\/teklan.es\/canal-denuncias\/wp-json\/wp\/v2\/pages\/66","targetHints":{"allow":["GET"]}}],"collection":[{"href":"https:\/\/teklan.es\/canal-denuncias\/wp-json\/wp\/v2\/pages"}],"about":[{"href":"https:\/\/teklan.es\/canal-denuncias\/wp-json\/wp\/v2\/types\/page"}],"author":[{"embeddable":true,"href":"https:\/\/teklan.es\/canal-denuncias\/wp-json\/wp\/v2\/users\/2"}],"replies":[{"embeddable":true,"href":"https:\/\/teklan.es\/canal-denuncias\/wp-json\/wp\/v2\/comments?post=66"}],"version-history":[{"count":1,"href":"https:\/\/teklan.es\/canal-denuncias\/wp-json\/wp\/v2\/pages\/66\/revisions"}],"predecessor-version":[{"id":67,"href":"https:\/\/teklan.es\/canal-denuncias\/wp-json\/wp\/v2\/pages\/66\/revisions\/67"}],"wp:attachment":[{"href":"https:\/\/teklan.es\/canal-denuncias\/wp-json\/wp\/v2\/media?parent=66"}],"curies":[{"name":"wp","href":"https:\/\/api.w.org\/{rel}","templated":true}]}}